{"id":71,"date":"2025-10-28T09:51:59","date_gmt":"2025-10-28T09:51:59","guid":{"rendered":"https:\/\/clubdeofertas.net\/contact\/"},"modified":"2025-10-30T13:05:11","modified_gmt":"2025-10-30T13:05:11","slug":"contato","status":"publish","type":"page","link":"http:\/\/clubdeofertas.net\/br\/contato\/","title":{"rendered":"Contato"},"content":{"rendered":"<div data-elementor-type=\"wp-page\" data-elementor-id=\"71\" class=\"elementor elementor-71\" data-elementor-post-type=\"page\">\n\t\t\t\t<div class=\"elementor-element elementor-element-98e3e96 e-con-full e-flex e-con e-parent\" data-id=\"98e3e96\" data-element_type=\"container\" data-settings=\"{&quot;background_background&quot;:&quot;classic&quot;,&quot;background_motion_fx_motion_fx_scrolling&quot;:&quot;yes&quot;,&quot;background_motion_fx_opacity_effect&quot;:&quot;yes&quot;,&quot;background_motion_fx_opacity_range&quot;:{&quot;unit&quot;:&quot;%&quot;,&quot;size&quot;:&quot;&quot;,&quot;sizes&quot;:{&quot;start&quot;:&quot;93&quot;,&quot;end&quot;:&quot;100&quot;}},&quot;background_motion_fx_devices&quot;:[&quot;mobile&quot;],&quot;background_motion_fx_opacity_direction&quot;:&quot;out-in&quot;,&quot;background_motion_fx_opacity_level&quot;:{&quot;unit&quot;:&quot;px&quot;,&quot;size&quot;:10,&quot;sizes&quot;:[]}}\">\n\t\t<div class=\"elementor-element elementor-element-5cb1240 e-con-full e-flex e-con e-child\" data-id=\"5cb1240\" data-element_type=\"container\">\n\t\t<div class=\"elementor-element elementor-element-33a543e e-con-full e-flex e-con e-child\" data-id=\"33a543e\" data-element_type=\"container\" data-settings=\"{&quot;background_background&quot;:&quot;classic&quot;}\">\n\t\t<div class=\"elementor-element elementor-element-68f4f60 e-con-full e-flex e-con e-child\" data-id=\"68f4f60\" data-element_type=\"container\" data-settings=\"{&quot;background_background&quot;:&quot;classic&quot;}\">\n\t\t\t\t<div class=\"elementor-element elementor-element-27f2d8f animated-fast elementor-invisible elementor-widget elementor-widget-heading\" data-id=\"27f2d8f\" data-element_type=\"widget\" data-settings=\"{&quot;_animation&quot;:&quot;fadeIn&quot;,&quot;_animation_tablet&quot;:&quot;none&quot;}\" data-widget_type=\"heading.default\">\n\t\t\t\t\t<h1 class=\"elementor-heading-title elementor-size-default\">Entre em contato conosco<\/h1>\t\t\t\t<\/div>\n\t\t\t\t<div class=\"elementor-element elementor-element-9088abb elementor-invisible elementor-widget elementor-widget-text-editor\" data-id=\"9088abb\" data-element_type=\"widget\" data-settings=\"{&quot;_animation&quot;:&quot;fadeIn&quot;,&quot;_animation_tablet&quot;:&quot;none&quot;,&quot;_animation_delay&quot;:&quot;200&quot;}\" data-widget_type=\"text-editor.default\">\n\t\t\t\t\t\t\t\t\t<p>Gostar\u00edamos muito de ouvir sua opini\u00e3o. Se tiver sugest\u00f5es de produtos para analisar, perguntas sobre nossas an\u00e1lises ou apenas quiser dar sua opini\u00e3o, este \u00e9 o seu espa\u00e7o.<\/p>\t\t\t\t\t\t\t\t<\/div>\n\t\t\t\t<\/div>\n\t\t\t\t<\/div>\n\t\t<div class=\"elementor-element elementor-element-baf0e81 e-con-full e-flex e-con e-child\" data-id=\"baf0e81\" data-element_type=\"container\" data-settings=\"{&quot;background_background&quot;:&quot;classic&quot;}\">\n\t\t<div class=\"elementor-element elementor-element-20ff041 e-con-full e-flex e-con e-child\" data-id=\"20ff041\" data-element_type=\"container\" data-settings=\"{&quot;background_background&quot;:&quot;classic&quot;}\">\n\t\t\t\t<div class=\"elementor-element elementor-element-56dd539 elementor-widget__width-auto elementor-widget elementor-widget-button\" data-id=\"56dd539\" data-element_type=\"widget\" data-settings=\"{&quot;motion_fx_motion_fx_scrolling&quot;:&quot;yes&quot;,&quot;motion_fx_translateY_effect&quot;:&quot;yes&quot;,&quot;motion_fx_translateY_direction&quot;:&quot;negative&quot;,&quot;motion_fx_translateY_speed&quot;:{&quot;unit&quot;:&quot;px&quot;,&quot;size&quot;:&quot;0.5&quot;,&quot;sizes&quot;:[]},&quot;motion_fx_devices&quot;:[&quot;desktop&quot;],&quot;motion_fx_translateY_affectedRange&quot;:{&quot;unit&quot;:&quot;%&quot;,&quot;size&quot;:&quot;&quot;,&quot;sizes&quot;:{&quot;start&quot;:0,&quot;end&quot;:100}}}\" data-widget_type=\"button.default\">\n\t\t\t\t\t\t\t\t\t\t<a class=\"elementor-button elementor-button-link elementor-size-sm\" href=\"#contactform\">\n\t\t\t\t\t\t<span class=\"elementor-button-content-wrapper\">\n\t\t\t\t\t\t<span class=\"elementor-button-icon\">\n\t\t\t\t<svg xmlns=\"http:\/\/www.w3.org\/2000\/svg\" id=\"fc8c2434-f650-4651-8f25-56fe5c06da48\" data-name=\"baba8a92-e407-4767-bdf4-7a658c043576\" width=\"18.2049\" height=\"30.0372\" viewbox=\"0 0 18.2049 30.0372\"><g id=\"e3598c70-fc03-4ddb-a022-727b682f2524\" data-name=\"bdb3c7f0-dc00-48aa-a43e-62fb04b452ee\"><g id=\"eab581a1-f81e-4813-b4f9-cebf2f8ca8e5\" data-name=\"e6b65992-aad3-4beb-8198-79fd24dfbb13\"><g id=\"a0a10079-6077-428b-97ab-b672b5d2ff02\" data-name=\"a90313b6-9133-46d6-9b21-1a898a42afce\"><g id=\"ae8d8644-47f8-40de-9464-287294111b47\" data-name=\"ed4149b7-9af0-4c83-bc9a-02ba2e7ebec3\"><path id=\"a16a2acc-e2b1-40c0-a760-40dc80f8b777\" data-name=\"eb4f656e-836b-42c7-9b20-9fd2de3f4055\" d=\"M9.7,29.8154l8.2-8.2a.8643.8643,0,0,0,.3-.6.7125.7125,0,0,0-.3-.6.9125.9125,0,0,0-1.2,0l-6.8,6.7V.8154h0a.7652.7652,0,0,0-.9-.8.7652.7652,0,0,0-.8.9v26.2l-6.8-6.8h0a.9125.9125,0,0,0-1.2,0,1.4214,1.4214,0,0,0-.2.6H0a.6047.6047,0,0,0,.3.6l8.2,8.3A.9125.9125,0,0,0,9.7,29.8154Z\" transform=\"translate(0.0047 -0.0032)\"><\/path><\/g><\/g><\/g><\/g><\/svg>\t\t\t<\/span>\n\t\t\t\t\t\t\t\t<\/span>\n\t\t\t\t\t<\/a>\n\t\t\t\t\t\t\t\t<\/div>\n\t\t\t\t<\/div>\n\t\t\t\t<\/div>\n\t\t\t\t<\/div>\n\t\t\t\t<\/div>\n\t\t<div class=\"elementor-element elementor-element-3db5f7a e-con-full e-flex e-con e-parent\" data-id=\"3db5f7a\" data-element_type=\"container\" id=\"contactform\" data-settings=\"{&quot;background_background&quot;:&quot;classic&quot;}\">\n\t\t<div class=\"elementor-element elementor-element-d2f5cc2 e-con-full e-flex e-con e-child\" data-id=\"d2f5cc2\" data-element_type=\"container\">\n\t\t\t\t<div class=\"elementor-element elementor-element-1ce4c6f elementor-button-align-end elementor-mobile-button-align-stretch elementor-widget elementor-widget-form\" data-id=\"1ce4c6f\" data-element_type=\"widget\" data-settings=\"{&quot;step_next_label&quot;:&quot;Next&quot;,&quot;step_previous_label&quot;:&quot;Previous&quot;,&quot;button_width&quot;:&quot;100&quot;,&quot;step_type&quot;:&quot;number_text&quot;,&quot;step_icon_shape&quot;:&quot;circle&quot;}\" data-widget_type=\"form.default\">\n\t\t\t\t\t\t\t<form class=\"elementor-form\" method=\"post\" name=\"Contact Form\" aria-label=\"Formul\u00e1rio de contato\" action=\"\">\n\t\t\t<input type=\"hidden\" name=\"post_id\" value=\"71\"\/>\n\t\t\t<input type=\"hidden\" name=\"form_id\" value=\"1ce4c6f\"\/>\n\t\t\t<input type=\"hidden\" name=\"referer_title\" value=\"Contacto - Club de Ofertas\" \/>\n\n\t\t\t\t\t\t\t<input type=\"hidden\" name=\"queried_id\" value=\"71\"\/>\n\t\t\t\n\t\t\t<div class=\"elementor-form-fields-wrapper elementor-labels-\">\n\t\t\t\t\t\t\t\t<div class=\"elementor-field-type-text elementor-field-group elementor-column elementor-field-group-name elementor-col-50 elementor-field-required\">\n\t\t\t\t\t\t\t\t\t\t\t\t<label for=\"form-field-name\" class=\"elementor-field-label elementor-screen-only\">\n\t\t\t\t\t\t\t\tNome\t\t\t\t\t\t\t<\/label>\n\t\t\t\t\t\t\t\t\t\t\t\t\t\t<input size=\"1\" type=\"text\" name=\"form_fields[name]\" id=\"form-field-name\" class=\"elementor-field elementor-size-md  elementor-field-textual\" placeholder=\"Nome\" required=\"required\">\n\t\t\t\t\t\t\t\t\t\t\t<\/div>\n\t\t\t\t\t\t\t\t<div class=\"elementor-field-type-email elementor-field-group elementor-column elementor-field-group-email elementor-col-50 elementor-field-required\">\n\t\t\t\t\t\t\t\t\t\t\t\t<label for=\"form-field-email\" class=\"elementor-field-label elementor-screen-only\">\n\t\t\t\t\t\t\t\tE-mail\t\t\t\t\t\t\t<\/label>\n\t\t\t\t\t\t\t\t\t\t\t\t\t\t<input size=\"1\" type=\"email\" name=\"form_fields[email]\" id=\"form-field-email\" class=\"elementor-field elementor-size-md  elementor-field-textual\" placeholder=\"E-mail\" required=\"required\">\n\t\t\t\t\t\t\t\t\t\t\t<\/div>\n\t\t\t\t\t\t\t\t<div class=\"elementor-field-type-textarea elementor-field-group elementor-column elementor-field-group-field_435127e elementor-col-100\">\n\t\t\t\t\t\t\t\t\t\t\t\t<label for=\"form-field-field_435127e\" class=\"elementor-field-label elementor-screen-only\">\n\t\t\t\t\t\t\t\tMensagem\t\t\t\t\t\t\t<\/label>\n\t\t\t\t\t\t<textarea class=\"elementor-field-textual elementor-field  elementor-size-md\" name=\"form_fields[field_435127e]\" id=\"form-field-field_435127e\" rows=\"4\" placeholder=\"Deixe uma mensagem: Ol\u00e1! Voc\u00ea poderia fazer uma avalia\u00e7\u00e3o da nova fritadeira a ar da...?\"><\/textarea>\t\t\t\t<\/div>\n\t\t\t\t\t\t\t\t<div class=\"elementor-field-group elementor-column elementor-field-type-submit elementor-col-100 e-form__buttons\">\n\t\t\t\t\t<button class=\"elementor-button elementor-size-sm\" type=\"submit\">\n\t\t\t\t\t\t<span class=\"elementor-button-content-wrapper\">\n\t\t\t\t\t\t\t\t\t\t\t\t\t\t\t\t\t\t\t\t\t\t<span class=\"elementor-button-text\">Enviar<\/span>\n\t\t\t\t\t\t\t\t\t\t\t\t\t<\/span>\n\t\t\t\t\t<\/button>\n\t\t\t\t<\/div>\n\t\t\t<\/div>\n\t\t<input type=\"hidden\" name=\"trp-form-language\" value=\"br\"\/><\/form>\n\t\t\t\t\t\t<\/div>\n\t\t\t\t<\/div>\n\t\t\t\t<\/div>\n\t\t\t\t<\/div>","protected":false},"excerpt":{"rendered":"<p>Contacta con Nosotros Nos encantar\u00eda escucharte. Si tienes sugerencias de productos para analizar, preguntas sobre nuestros an\u00e1lisis o simplemente quieres darnos tu opini\u00f3n, este es tu espacio.<\/p>","protected":false},"author":1,"featured_media":75,"parent":0,"menu_order":0,"comment_status":"closed","ping_status":"closed","template":"elementor_header_footer","meta":{"footnotes":""},"class_list":["post-71","page","type-page","status-publish","has-post-thumbnail","hentry"],"_links":{"self":[{"href":"http:\/\/clubdeofertas.net\/br\/wp-json\/wp\/v2\/pages\/71","targetHints":{"allow":["GET"]}}],"collection":[{"href":"http:\/\/clubdeofertas.net\/br\/wp-json\/wp\/v2\/pages"}],"about":[{"href":"http:\/\/clubdeofertas.net\/br\/wp-json\/wp\/v2\/types\/page"}],"author":[{"embeddable":true,"href":"http:\/\/clubdeofertas.net\/br\/wp-json\/wp\/v2\/users\/1"}],"replies":[{"embeddable":true,"href":"http:\/\/clubdeofertas.net\/br\/wp-json\/wp\/v2\/comments?post=71"}],"version-history":[{"count":14,"href":"http:\/\/clubdeofertas.net\/br\/wp-json\/wp\/v2\/pages\/71\/revisions"}],"predecessor-version":[{"id":743,"href":"http:\/\/clubdeofertas.net\/br\/wp-json\/wp\/v2\/pages\/71\/revisions\/743"}],"wp:featuredmedia":[{"embeddable":true,"href":"http:\/\/clubdeofertas.net\/br\/wp-json\/wp\/v2\/media\/75"}],"wp:attachment":[{"href":"http:\/\/clubdeofertas.net\/br\/wp-json\/wp\/v2\/media?parent=71"}],"curies":[{"name":"wp","href":"https:\/\/api.w.org\/{rel}","templated":true}]}}