{"id":76,"date":"2025-10-28T09:52:00","date_gmt":"2025-10-28T09:52:00","guid":{"rendered":"https:\/\/clubdeofertas.net\/about\/"},"modified":"2025-10-29T13:03:07","modified_gmt":"2025-10-29T13:03:07","slug":"sobre-nosotros","status":"publish","type":"page","link":"http:\/\/clubdeofertas.net\/es_es\/sobre-nosotros\/","title":{"rendered":"Sobre Nosotros"},"content":{"rendered":"\t\t<div data-elementor-type=\"wp-page\" data-elementor-id=\"76\" class=\"elementor elementor-76\" data-elementor-post-type=\"page\">\n\t\t\t\t<div class=\"elementor-element elementor-element-e838add e-con-full e-flex e-con e-parent\" data-id=\"e838add\" data-element_type=\"container\" data-settings=\"{&quot;background_background&quot;:&quot;classic&quot;,&quot;background_motion_fx_motion_fx_scrolling&quot;:&quot;yes&quot;,&quot;background_motion_fx_opacity_effect&quot;:&quot;yes&quot;,&quot;background_motion_fx_opacity_range&quot;:{&quot;unit&quot;:&quot;%&quot;,&quot;size&quot;:&quot;&quot;,&quot;sizes&quot;:{&quot;start&quot;:&quot;93&quot;,&quot;end&quot;:&quot;100&quot;}},&quot;background_motion_fx_devices&quot;:[&quot;mobile&quot;],&quot;background_motion_fx_opacity_direction&quot;:&quot;out-in&quot;,&quot;background_motion_fx_opacity_level&quot;:{&quot;unit&quot;:&quot;px&quot;,&quot;size&quot;:10,&quot;sizes&quot;:[]}}\">\n\t\t<div class=\"elementor-element elementor-element-1babe81 e-con-full e-flex e-con e-child\" data-id=\"1babe81\" data-element_type=\"container\">\n\t\t<div class=\"elementor-element elementor-element-c7ae946 e-con-full e-flex e-con e-child\" data-id=\"c7ae946\" data-element_type=\"container\" data-settings=\"{&quot;background_background&quot;:&quot;classic&quot;}\">\n\t\t<div class=\"elementor-element elementor-element-5f78db0 e-con-full e-flex e-con e-child\" data-id=\"5f78db0\" data-element_type=\"container\" data-settings=\"{&quot;background_background&quot;:&quot;classic&quot;}\">\n\t\t\t\t<div class=\"elementor-element elementor-element-79eb7dc animated-fast elementor-invisible elementor-widget elementor-widget-heading\" data-id=\"79eb7dc\" data-element_type=\"widget\" data-settings=\"{&quot;_animation&quot;:&quot;fadeIn&quot;,&quot;_animation_tablet&quot;:&quot;none&quot;}\" data-widget_type=\"heading.default\">\n\t\t\t\t\t<h1 class=\"elementor-heading-title elementor-size-default\">Bienvenido al Club de Ofertas:<br>Tu gu\u00eda para compras inteligentes.<\/h1>\t\t\t\t<\/div>\n\t\t\t\t<div class=\"elementor-element elementor-element-9b49897 elementor-invisible elementor-widget elementor-widget-text-editor\" data-id=\"9b49897\" data-element_type=\"widget\" data-settings=\"{&quot;_animation&quot;:&quot;fadeIn&quot;,&quot;_animation_tablet&quot;:&quot;none&quot;,&quot;_animation_delay&quot;:&quot;200&quot;}\" data-widget_type=\"text-editor.default\">\n\t\t\t\t\t\t\t\t\t<p>En Club de Ofertas<strong> no somos una tienda<\/strong>. Somos un equipo de curadores y consumidores expertos, <strong>apasionados por encontrar el m\u00e1ximo valor<\/strong>. Hacemos el trabajo duro de <strong>investigar<\/strong> para que t\u00fa puedas <strong>comprar con total confianza<\/strong>.<\/p>\t\t\t\t\t\t\t\t<\/div>\n\t\t\t\t<div class=\"elementor-element elementor-element-45ae854 elementor-align-center animated-slow elementor-invisible elementor-widget elementor-widget-button\" data-id=\"45ae854\" data-element_type=\"widget\" data-settings=\"{&quot;_animation&quot;:&quot;fadeIn&quot;,&quot;_animation_tablet&quot;:&quot;none&quot;,&quot;_animation_delay&quot;:&quot;400&quot;}\" data-widget_type=\"button.default\">\n\t\t\t\t\t\t\t\t\t\t<a class=\"elementor-button elementor-button-link elementor-size-sm\" href=\"#mission\">\n\t\t\t\t\t\t<span class=\"elementor-button-content-wrapper\">\n\t\t\t\t\t\t\t\t\t<span class=\"elementor-button-text\">Descubre M\u00e1s<\/span>\n\t\t\t\t\t<\/span>\n\t\t\t\t\t<\/a>\n\t\t\t\t\t\t\t\t<\/div>\n\t\t\t\t<\/div>\n\t\t\t\t<\/div>\n\t\t<div class=\"elementor-element elementor-element-4602129 e-con-full e-flex e-con e-child\" data-id=\"4602129\" data-element_type=\"container\" data-settings=\"{&quot;background_background&quot;:&quot;classic&quot;}\">\n\t\t<div class=\"elementor-element elementor-element-d94fa51 e-con-full e-flex e-con e-child\" data-id=\"d94fa51\" data-element_type=\"container\" data-settings=\"{&quot;background_background&quot;:&quot;classic&quot;}\">\n\t\t\t\t<div class=\"elementor-element elementor-element-f03ba0a elementor-widget__width-auto elementor-widget elementor-widget-button\" data-id=\"f03ba0a\" data-element_type=\"widget\" data-settings=\"{&quot;motion_fx_motion_fx_scrolling&quot;:&quot;yes&quot;,&quot;motion_fx_translateY_effect&quot;:&quot;yes&quot;,&quot;motion_fx_translateY_direction&quot;:&quot;negative&quot;,&quot;motion_fx_translateY_speed&quot;:{&quot;unit&quot;:&quot;px&quot;,&quot;size&quot;:&quot;0.5&quot;,&quot;sizes&quot;:[]},&quot;motion_fx_devices&quot;:[&quot;desktop&quot;],&quot;motion_fx_translateY_affectedRange&quot;:{&quot;unit&quot;:&quot;%&quot;,&quot;size&quot;:&quot;&quot;,&quot;sizes&quot;:{&quot;start&quot;:0,&quot;end&quot;:100}}}\" data-widget_type=\"button.default\">\n\t\t\t\t\t\t\t\t\t\t<a class=\"elementor-button elementor-button-link elementor-size-sm\" href=\"#nuestra-filosofia\">\n\t\t\t\t\t\t<span class=\"elementor-button-content-wrapper\">\n\t\t\t\t\t\t<span class=\"elementor-button-icon\">\n\t\t\t\t<svg xmlns=\"http:\/\/www.w3.org\/2000\/svg\" id=\"fc8c2434-f650-4651-8f25-56fe5c06da48\" data-name=\"baba8a92-e407-4767-bdf4-7a658c043576\" width=\"18.2049\" height=\"30.0372\" viewBox=\"0 0 18.2049 30.0372\"><g id=\"e3598c70-fc03-4ddb-a022-727b682f2524\" data-name=\"bdb3c7f0-dc00-48aa-a43e-62fb04b452ee\"><g id=\"eab581a1-f81e-4813-b4f9-cebf2f8ca8e5\" data-name=\"e6b65992-aad3-4beb-8198-79fd24dfbb13\"><g id=\"a0a10079-6077-428b-97ab-b672b5d2ff02\" data-name=\"a90313b6-9133-46d6-9b21-1a898a42afce\"><g id=\"ae8d8644-47f8-40de-9464-287294111b47\" data-name=\"ed4149b7-9af0-4c83-bc9a-02ba2e7ebec3\"><path id=\"a16a2acc-e2b1-40c0-a760-40dc80f8b777\" data-name=\"eb4f656e-836b-42c7-9b20-9fd2de3f4055\" d=\"M9.7,29.8154l8.2-8.2a.8643.8643,0,0,0,.3-.6.7125.7125,0,0,0-.3-.6.9125.9125,0,0,0-1.2,0l-6.8,6.7V.8154h0a.7652.7652,0,0,0-.9-.8.7652.7652,0,0,0-.8.9v26.2l-6.8-6.8h0a.9125.9125,0,0,0-1.2,0,1.4214,1.4214,0,0,0-.2.6H0a.6047.6047,0,0,0,.3.6l8.2,8.3A.9125.9125,0,0,0,9.7,29.8154Z\" transform=\"translate(0.0047 -0.0032)\"><\/path><\/g><\/g><\/g><\/g><\/svg>\t\t\t<\/span>\n\t\t\t\t\t\t\t\t<\/span>\n\t\t\t\t\t<\/a>\n\t\t\t\t\t\t\t\t<\/div>\n\t\t\t\t<\/div>\n\t\t\t\t<\/div>\n\t\t\t\t<\/div>\n\t\t\t\t<\/div>\n\t\t<div class=\"elementor-element elementor-element-8a3bb90 e-con-full e-flex e-con e-parent\" data-id=\"8a3bb90\" data-element_type=\"container\" id=\"mission\" data-settings=\"{&quot;background_background&quot;:&quot;classic&quot;}\">\n\t\t<div class=\"elementor-element elementor-element-fd772f4 e-con-full e-flex e-con e-child\" data-id=\"fd772f4\" data-element_type=\"container\">\n\t\t<div class=\"elementor-element elementor-element-f28b110 e-con-full e-flex e-con e-child\" data-id=\"f28b110\" data-element_type=\"container\" id=\"nuestra-filosofia\" data-settings=\"{&quot;background_background&quot;:&quot;classic&quot;}\">\n\t\t<div class=\"elementor-element elementor-element-5d3302a e-con-full e-flex e-con e-child\" data-id=\"5d3302a\" data-element_type=\"container\" data-settings=\"{&quot;background_background&quot;:&quot;classic&quot;}\">\n\t\t\t\t<div class=\"elementor-element elementor-element-e75cba9 elementor-widget elementor-widget-heading\" data-id=\"e75cba9\" data-element_type=\"widget\" data-widget_type=\"heading.default\">\n\t\t\t\t\t<h3 class=\"elementor-heading-title elementor-size-default\">Nuestra Filosof\u00eda: Honestidad y Ahorro<\/h3>\t\t\t\t<\/div>\n\t\t\t\t<div class=\"elementor-element elementor-element-287e392 elementor-widget elementor-widget-text-editor\" data-id=\"287e392\" data-element_type=\"widget\" data-widget_type=\"text-editor.default\">\n\t\t\t\t\t\t\t\t\t<p>Creemos que la mejor \u00aboferta\u00bb no es un cup\u00f3n, es el conocimiento. Nuestro enfoque es simple: investigamos a fondo, comparamos especificaciones y, lo m\u00e1s importante, filtramos el <strong>\u00abruido\u00bb<\/strong> <strong>del marketing<\/strong>. No nos dejamos llevar por las marcas; nos guiamos por el valor real. Analizamos cada producto (sea de hogar, belleza o salud) pregunt\u00e1ndonos: <strong>\u00bfVale esto tu dinero?<\/strong><\/p>\t\t\t\t\t\t\t\t<\/div>\n\t\t\t\t<\/div>\n\t\t<div class=\"elementor-element elementor-element-efab4a4 e-con-full e-flex e-con e-child\" data-id=\"efab4a4\" data-element_type=\"container\" data-settings=\"{&quot;background_background&quot;:&quot;classic&quot;}\">\n\t\t\t\t<div class=\"elementor-element elementor-element-8b42269 elementor-widget elementor-widget-image\" data-id=\"8b42269\" data-element_type=\"widget\" data-settings=\"{&quot;motion_fx_motion_fx_scrolling&quot;:&quot;yes&quot;,&quot;motion_fx_translateY_effect&quot;:&quot;yes&quot;,&quot;motion_fx_translateY_speed&quot;:{&quot;unit&quot;:&quot;px&quot;,&quot;size&quot;:&quot;0.7&quot;,&quot;sizes&quot;:[]},&quot;motion_fx_devices&quot;:[&quot;desktop&quot;],&quot;motion_fx_translateY_affectedRange&quot;:{&quot;unit&quot;:&quot;%&quot;,&quot;size&quot;:&quot;&quot;,&quot;sizes&quot;:{&quot;start&quot;:0,&quot;end&quot;:100}}}\" data-widget_type=\"image.default\">\n\t\t\t\t\t\t\t\t\t\t\t\t\t\t\t<img fetchpriority=\"high\" decoding=\"async\" width=\"652\" height=\"590\" src=\"http:\/\/clubdeofertas.net\/wp-content\/uploads\/2025\/10\/about-page-pic1.jpg\" class=\"attachment-large size-large wp-image-77\" alt=\"\" srcset=\"http:\/\/clubdeofertas.net\/wp-content\/uploads\/2025\/10\/about-page-pic1.jpg 652w, http:\/\/clubdeofertas.net\/wp-content\/uploads\/2025\/10\/about-page-pic1-300x271.jpg 300w\" sizes=\"(max-width: 652px) 100vw, 652px\" \/>\t\t\t\t\t\t\t\t\t\t\t\t\t\t\t<\/div>\n\t\t\t\t<\/div>\n\t\t\t\t<\/div>\n\t\t<div class=\"elementor-element elementor-element-a371618 e-con-full e-flex e-con e-child\" data-id=\"a371618\" data-element_type=\"container\" data-settings=\"{&quot;background_background&quot;:&quot;classic&quot;}\">\n\t\t<div class=\"elementor-element elementor-element-d809ffe e-con-full e-flex e-con e-child\" data-id=\"d809ffe\" data-element_type=\"container\" data-settings=\"{&quot;background_background&quot;:&quot;classic&quot;}\">\n\t\t\t\t<div class=\"elementor-element elementor-element-3617f69 elementor-widget elementor-widget-image\" data-id=\"3617f69\" data-element_type=\"widget\" data-settings=\"{&quot;motion_fx_motion_fx_scrolling&quot;:&quot;yes&quot;,&quot;motion_fx_translateY_effect&quot;:&quot;yes&quot;,&quot;motion_fx_translateY_direction&quot;:&quot;negative&quot;,&quot;motion_fx_translateY_speed&quot;:{&quot;unit&quot;:&quot;px&quot;,&quot;size&quot;:&quot;0.7&quot;,&quot;sizes&quot;:[]},&quot;motion_fx_devices&quot;:[&quot;desktop&quot;],&quot;motion_fx_translateY_affectedRange&quot;:{&quot;unit&quot;:&quot;%&quot;,&quot;size&quot;:&quot;&quot;,&quot;sizes&quot;:{&quot;start&quot;:0,&quot;end&quot;:100}}}\" data-widget_type=\"image.default\">\n\t\t\t\t\t\t\t\t\t\t\t\t\t\t\t<img decoding=\"async\" width=\"510\" height=\"463\" src=\"http:\/\/clubdeofertas.net\/wp-content\/uploads\/2025\/10\/about-page-pic2.jpg\" class=\"attachment-large size-large wp-image-78\" alt=\"\" srcset=\"http:\/\/clubdeofertas.net\/wp-content\/uploads\/2025\/10\/about-page-pic2.jpg 510w, http:\/\/clubdeofertas.net\/wp-content\/uploads\/2025\/10\/about-page-pic2-300x272.jpg 300w\" sizes=\"(max-width: 510px) 100vw, 510px\" \/>\t\t\t\t\t\t\t\t\t\t\t\t\t\t\t<\/div>\n\t\t\t\t<\/div>\n\t\t<div class=\"elementor-element elementor-element-65f6271 e-con-full e-flex e-con e-child\" data-id=\"65f6271\" data-element_type=\"container\" data-settings=\"{&quot;background_background&quot;:&quot;classic&quot;}\">\n\t\t\t\t<div class=\"elementor-element elementor-element-892ba9b elementor-widget elementor-widget-heading\" data-id=\"892ba9b\" data-element_type=\"widget\" data-widget_type=\"heading.default\">\n\t\t\t\t\t<h3 class=\"elementor-heading-title elementor-size-default\">Nuestra Misi\u00f3n: Ahorrar tu Tiempo<\/h3>\t\t\t\t<\/div>\n\t\t\t\t<div class=\"elementor-element elementor-element-81c13ed elementor-widget elementor-widget-text-editor\" data-id=\"81c13ed\" data-element_type=\"widget\" data-widget_type=\"text-editor.default\">\n\t\t\t\t\t\t\t\t\t<p>Nuestra misi\u00f3n es ser tu <strong>filtro de confianza<\/strong> en un mercado saturado. Queremos que dejes de perder horas leyendo miles de opiniones contradictorias. Hacemos el trabajo pesado para <strong>presentarte gu\u00edas claras y recomendaciones honestas<\/strong>, permiti\u00e9ndote tomar decisiones r\u00e1pidas y seguras. Tu tiempo es valioso; <strong>nuestra misi\u00f3n es protegerlo<\/strong>.<\/p>\t\t\t\t\t\t\t\t<\/div>\n\t\t\t\t<\/div>\n\t\t\t\t<\/div>\n\t\t\t\t<\/div>\n\t\t\t\t<\/div>\n\t\t<div class=\"elementor-element elementor-element-afb683a e-con-full e-flex e-con e-parent\" data-id=\"afb683a\" data-element_type=\"container\" data-settings=\"{&quot;background_background&quot;:&quot;classic&quot;,&quot;background_motion_fx_motion_fx_scrolling&quot;:&quot;yes&quot;,&quot;background_motion_fx_opacity_effect&quot;:&quot;yes&quot;,&quot;background_motion_fx_opacity_range&quot;:{&quot;unit&quot;:&quot;%&quot;,&quot;size&quot;:&quot;&quot;,&quot;sizes&quot;:{&quot;start&quot;:&quot;93&quot;,&quot;end&quot;:&quot;100&quot;}},&quot;background_motion_fx_devices&quot;:[&quot;mobile&quot;],&quot;background_motion_fx_opacity_direction&quot;:&quot;out-in&quot;,&quot;background_motion_fx_opacity_level&quot;:{&quot;unit&quot;:&quot;px&quot;,&quot;size&quot;:10,&quot;sizes&quot;:[]}}\">\n\t\t<div class=\"elementor-element elementor-element-81d5d31 e-con-full e-flex e-con e-child\" data-id=\"81d5d31\" data-element_type=\"container\">\n\t\t<div class=\"elementor-element elementor-element-525018f e-con-full e-flex e-con e-child\" data-id=\"525018f\" data-element_type=\"container\" data-settings=\"{&quot;background_background&quot;:&quot;classic&quot;}\">\n\t\t<div class=\"elementor-element elementor-element-2cbce7f e-con-full e-flex e-con e-child\" data-id=\"2cbce7f\" data-element_type=\"container\" data-settings=\"{&quot;background_background&quot;:&quot;classic&quot;}\">\n\t\t\t\t<div class=\"elementor-element elementor-element-1f24d8c elementor-invisible elementor-widget elementor-widget-heading\" data-id=\"1f24d8c\" data-element_type=\"widget\" data-settings=\"{&quot;_animation&quot;:&quot;fadeIn&quot;,&quot;_animation_tablet&quot;:&quot;none&quot;,&quot;_animation_delay&quot;:&quot;100&quot;}\" data-widget_type=\"heading.default\">\n\t\t\t\t\t<h2 class=\"elementor-heading-title elementor-size-default\"><b>No vendemos productos<\/b>. Ofrecemos claridad. Nuestra \u00fanica lealtad es con <b>nuestros lectores<\/b> y con la <b>compra inteligente<\/b>.<\/h2>\t\t\t\t<\/div>\n\t\t\t\t<\/div>\n\t\t\t\t<\/div>\n\t\t\t\t<\/div>\n\t\t\t\t<\/div>\n\t\t<div class=\"elementor-element elementor-element-78a520f e-con-full e-flex e-con e-parent\" data-id=\"78a520f\" data-element_type=\"container\" data-settings=\"{&quot;background_background&quot;:&quot;classic&quot;}\">\n\t\t<div class=\"elementor-element elementor-element-d8d65d6 e-con-full e-flex e-con e-child\" data-id=\"d8d65d6\" data-element_type=\"container\">\n\t\t<div class=\"elementor-element elementor-element-dcc414f e-con-full e-flex e-con e-child\" data-id=\"dcc414f\" data-element_type=\"container\" data-settings=\"{&quot;background_background&quot;:&quot;classic&quot;}\">\n\t\t<div class=\"elementor-element elementor-element-c3aacf8 e-con-full e-flex e-con e-child\" data-id=\"c3aacf8\" data-element_type=\"container\" data-settings=\"{&quot;background_background&quot;:&quot;classic&quot;}\">\n\t\t\t\t<div class=\"elementor-element elementor-element-0f500c2 elementor-invisible elementor-widget elementor-widget-heading\" data-id=\"0f500c2\" data-element_type=\"widget\" data-settings=\"{&quot;_animation&quot;:&quot;fadeIn&quot;,&quot;_animation_tablet&quot;:&quot;none&quot;,&quot;_animation_delay&quot;:&quot;100&quot;}\" data-widget_type=\"heading.default\">\n\t\t\t\t\t<h3 class=\"elementor-heading-title elementor-size-default\">C\u00f3mo Medimos Nuestro \u00c9xito<\/h3>\t\t\t\t<\/div>\n\t\t\t\t<div class=\"elementor-element elementor-element-aeed0cc elementor-widget elementor-widget-text-editor\" data-id=\"aeed0cc\" data-element_type=\"widget\" data-widget_type=\"text-editor.default\">\n\t\t\t\t\t\t\t\t\t<p>Nuestro \u00e9xito no se mide en ventas, sino en confianza. El verdadero \u00e9xito para nosotros es cuando un lector regresa a consultar nuestra gu\u00eda antes de hacer su pr\u00f3xima compra. Cuando nos convertimos en tu referencia de confianza para el hogar, la salud o la belleza, sabemos que hemos hecho bien nuestro trabajo.<\/p>\t\t\t\t\t\t\t\t<\/div>\n\t\t\t\t<\/div>\n\t\t<div class=\"elementor-element elementor-element-af49c41 e-con-full e-flex e-con e-child\" data-id=\"af49c41\" data-element_type=\"container\" data-settings=\"{&quot;background_background&quot;:&quot;classic&quot;}\">\n\t\t\t\t<div class=\"elementor-element elementor-element-d2c7c5a elementor-invisible elementor-widget elementor-widget-heading\" data-id=\"d2c7c5a\" data-element_type=\"widget\" data-settings=\"{&quot;_animation&quot;:&quot;fadeIn&quot;,&quot;_animation_tablet&quot;:&quot;none&quot;,&quot;_animation_delay&quot;:&quot;100&quot;}\" data-widget_type=\"heading.default\">\n\t\t\t\t\t<h3 class=\"elementor-heading-title elementor-size-default\">Nuestra Experiencia<\/h3>\t\t\t\t<\/div>\n\t\t\t\t<div class=\"elementor-element elementor-element-56814c5 elementor-widget elementor-widget-text-editor\" data-id=\"56814c5\" data-element_type=\"widget\" data-widget_type=\"text-editor.default\">\n\t\t\t\t\t\t\t\t\t<p>No somos un laboratorio; somos consumidores expertos. Nuestra experiencia proviene de ser usuarios reales de los productos que analizamos. Entendemos la frustraci\u00f3n de comprar algo que no cumple sus promesas. Esta experiencia como compradores apasionados es la que aplicamos en cada an\u00e1lisis que publicamos.<\/p>\t\t\t\t\t\t\t\t<\/div>\n\t\t\t\t<\/div>\n\t\t\t\t<\/div>\n\t\t<div class=\"elementor-element elementor-element-2d94ed5 e-con-full e-flex e-con e-child\" data-id=\"2d94ed5\" data-element_type=\"container\" data-settings=\"{&quot;background_background&quot;:&quot;classic&quot;}\">\n\t\t<div class=\"elementor-element elementor-element-ab8e35a e-con-full e-flex e-con e-child\" data-id=\"ab8e35a\" data-element_type=\"container\" data-settings=\"{&quot;background_background&quot;:&quot;classic&quot;}\">\n\t\t\t\t<div class=\"elementor-element elementor-element-4977a79 elementor-invisible elementor-widget elementor-widget-heading\" data-id=\"4977a79\" data-element_type=\"widget\" data-settings=\"{&quot;_animation&quot;:&quot;fadeIn&quot;,&quot;_animation_tablet&quot;:&quot;none&quot;,&quot;_animation_delay&quot;:&quot;100&quot;}\" data-widget_type=\"heading.default\">\n\t\t\t\t\t<h3 class=\"elementor-heading-title elementor-size-default\">\u00bfC\u00f3mo Te Ayudamos?<\/h3>\t\t\t\t<\/div>\n\t\t\t\t<div class=\"elementor-element elementor-element-acf9569 elementor-widget elementor-widget-text-editor\" data-id=\"acf9569\" data-element_type=\"widget\" data-widget_type=\"text-editor.default\">\n\t\t\t\t\t\t\t\t\t<p>Ya sea que busques una nueva freidora de aire, el mejor s\u00e9rum facial o un gadget para tu salud, nuestro proceso est\u00e1 dise\u00f1ado para ayudarte. Dividimos nuestros an\u00e1lisis en categor\u00edas claras, destacamos los \u00abPros y Contras\u00bb y te damos un veredicto final claro. Buscamos ser el punto de partida (y final) de tu investigaci\u00f3n.<\/p>\t\t\t\t\t\t\t\t<\/div>\n\t\t\t\t<\/div>\n\t\t\t\t<\/div>\n\t\t\t\t<\/div>\n\t\t\t\t<\/div>\n\t\t<div class=\"elementor-element elementor-element-c3ba073 e-con-full e-flex e-con e-parent\" data-id=\"c3ba073\" data-element_type=\"container\" data-settings=\"{&quot;background_background&quot;:&quot;classic&quot;}\">\n\t\t<div class=\"elementor-element elementor-element-8f392a5 e-con-full e-flex e-con e-child\" data-id=\"8f392a5\" data-element_type=\"container\">\n\t\t\t\t<div class=\"elementor-element elementor-element-31f21ef elementor-invisible elementor-widget elementor-widget-heading\" data-id=\"31f21ef\" data-element_type=\"widget\" data-settings=\"{&quot;_animation&quot;:&quot;fadeIn&quot;,&quot;_animation_tablet&quot;:&quot;none&quot;,&quot;_animation_delay&quot;:&quot;100&quot;}\" data-widget_type=\"heading.default\">\n\t\t\t\t\t<h3 class=\"elementor-heading-title elementor-size-default\">Explora Nuestros An\u00e1lisis y Gu\u00edas de Compra<\/h3>\t\t\t\t<\/div>\n\t\t<div class=\"elementor-element elementor-element-617fe5b e-con-full e-flex e-con e-child\" data-id=\"617fe5b\" data-element_type=\"container\">\n\t\t<div class=\"elementor-element elementor-element-20dd32e e-con-full e-flex e-con e-child\" data-id=\"20dd32e\" data-element_type=\"container\">\n\t\t\t\t<div class=\"elementor-element elementor-element-b8aa9ff elementor-grid-2 elementor-grid-tablet-1 elementor-posts--thumbnail-left elementor-grid-mobile-1 elementor-widget elementor-widget-posts\" data-id=\"b8aa9ff\" data-element_type=\"widget\" data-settings=\"{&quot;classic_columns&quot;:&quot;2&quot;,&quot;classic_columns_tablet&quot;:&quot;1&quot;,&quot;classic_row_gap&quot;:{&quot;unit&quot;:&quot;px&quot;,&quot;size&quot;:&quot;50&quot;,&quot;sizes&quot;:[]},&quot;classic_columns_mobile&quot;:&quot;1&quot;,&quot;classic_row_gap_tablet&quot;:{&quot;unit&quot;:&quot;px&quot;,&quot;size&quot;:&quot;&quot;,&quot;sizes&quot;:[]},&quot;classic_row_gap_mobile&quot;:{&quot;unit&quot;:&quot;px&quot;,&quot;size&quot;:&quot;&quot;,&quot;sizes&quot;:[]}}\" data-widget_type=\"posts.classic\">\n\t\t\t\t<div class=\"elementor-widget-container\">\n\t\t\t\t\t\t\t<div class=\"elementor-posts-container elementor-posts elementor-posts--skin-classic elementor-grid\" role=\"list\">\n\t\t\t\t<article class=\"elementor-post elementor-grid-item post-514 post type-post status-publish format-standard has-post-thumbnail hentry category-guias-de-compra\" role=\"listitem\">\n\t\t\t\t<a class=\"elementor-post__thumbnail__link\" href=\"http:\/\/clubdeofertas.net\/es_es\/cecotec-power-titanblack-1200-xl-perfectcream-opiniones-analisis\/\" tabindex=\"-1\">\n\t\t\t<div class=\"elementor-post__thumbnail\"><img decoding=\"async\" width=\"800\" height=\"776\" src=\"http:\/\/clubdeofertas.net\/wp-content\/uploads\/2025\/10\/Cecotec-Batidora-de-mano-Power-TitanBlack-1200-XL.jpg\" class=\"attachment-large size-large wp-image-533\" alt=\"Cecotec Power TitanBlack 1200 XL\" srcset=\"http:\/\/clubdeofertas.net\/wp-content\/uploads\/2025\/10\/Cecotec-Batidora-de-mano-Power-TitanBlack-1200-XL.jpg 983w, http:\/\/clubdeofertas.net\/wp-content\/uploads\/2025\/10\/Cecotec-Batidora-de-mano-Power-TitanBlack-1200-XL-300x291.jpg 300w, http:\/\/clubdeofertas.net\/wp-content\/uploads\/2025\/10\/Cecotec-Batidora-de-mano-Power-TitanBlack-1200-XL-768x745.jpg 768w\" sizes=\"(max-width: 800px) 100vw, 800px\" \/><\/div>\n\t\t<\/a>\n\t\t\t\t<div class=\"elementor-post__text\">\n\t\t\t\t<h3 class=\"elementor-post__title\">\n\t\t\t<a href=\"http:\/\/clubdeofertas.net\/es_es\/cecotec-power-titanblack-1200-xl-perfectcream-opiniones-analisis\/\">\n\t\t\t\tCecotec Power TitanBlack 1200 XL PerfectCream: opiniones, pruebas y si merece la pena-gpt3\t\t\t<\/a>\n\t\t<\/h3>\n\t\t\t\t<div class=\"elementor-post__meta-data\">\n\t\t\t\t\t<span class=\"elementor-post-date\">\n\t\t\toctubre 11, 2025\t\t<\/span>\n\t\t\t\t<\/div>\n\t\t\t\t<div class=\"elementor-post__excerpt\">\n\t\t\t<p>Buscas una batidora de mano potente y con buen set de accesorios, la Cecotec Power TitanBlack 1200 XL PerfectCream es una de las m\u00e1s populares<\/p>\n\t\t<\/div>\n\t\t\t\t<\/div>\n\t\t\t\t<\/article>\n\t\t\t\t<article class=\"elementor-post elementor-grid-item post-538 post type-post status-publish format-standard has-post-thumbnail hentry category-guias-de-compra\" role=\"listitem\">\n\t\t\t\t<a class=\"elementor-post__thumbnail__link\" href=\"http:\/\/clubdeofertas.net\/es_es\/trendplain-pulverizador-de-aceite-470-ml-analisis\/\" tabindex=\"-1\">\n\t\t\t<div class=\"elementor-post__thumbnail\"><img loading=\"lazy\" decoding=\"async\" width=\"800\" height=\"805\" src=\"http:\/\/clubdeofertas.net\/wp-content\/uploads\/2025\/10\/TrendPlain-pulverizador-de-aceite-470-ml-1018x1024.jpg\" class=\"attachment-large size-large wp-image-540\" alt=\"TrendPlain pulverizador de aceite 470 ml\" srcset=\"http:\/\/clubdeofertas.net\/wp-content\/uploads\/2025\/10\/TrendPlain-pulverizador-de-aceite-470-ml-1018x1024.jpg 1018w, http:\/\/clubdeofertas.net\/wp-content\/uploads\/2025\/10\/TrendPlain-pulverizador-de-aceite-470-ml-298x300.jpg 298w, http:\/\/clubdeofertas.net\/wp-content\/uploads\/2025\/10\/TrendPlain-pulverizador-de-aceite-470-ml-150x150.jpg 150w, http:\/\/clubdeofertas.net\/wp-content\/uploads\/2025\/10\/TrendPlain-pulverizador-de-aceite-470-ml-768x772.jpg 768w, http:\/\/clubdeofertas.net\/wp-content\/uploads\/2025\/10\/TrendPlain-pulverizador-de-aceite-470-ml.jpg 1481w\" sizes=\"(max-width: 800px) 100vw, 800px\" \/><\/div>\n\t\t<\/a>\n\t\t\t\t<div class=\"elementor-post__text\">\n\t\t\t\t<h3 class=\"elementor-post__title\">\n\t\t\t<a href=\"http:\/\/clubdeofertas.net\/es_es\/trendplain-pulverizador-de-aceite-470-ml-analisis\/\">\n\t\t\t\tTrendPlain pulverizador de aceite 470 ml: opiniones, an\u00e1lisis y usos (2025)\t\t\t<\/a>\n\t\t<\/h3>\n\t\t\t\t<div class=\"elementor-post__meta-data\">\n\t\t\t\t\t<span class=\"elementor-post-date\">\n\t\t\toctubre 11, 2025\t\t<\/span>\n\t\t\t\t<\/div>\n\t\t\t\t<div class=\"elementor-post__excerpt\">\n\t\t\t<p>TrendPlain pulverizador de aceite 2-en-1 (470 ml): opiniones, pruebas y si merece la pena Transparencia: algunos enlaces pueden generar una peque\u00f1a comisi\u00f3n que mantiene este<\/p>\n\t\t<\/div>\n\t\t\t\t<\/div>\n\t\t\t\t<\/article>\n\t\t\t\t<\/div>\n\t\t\n\t\t\t\t\t\t<\/div>\n\t\t\t\t<\/div>\n\t\t\t\t<\/div>\n\t\t\t\t<\/div>\n\t\t\t\t<\/div>\n\t\t\t\t<\/div>\n\t\t\t\t<\/div>\n\t\t","protected":false},"excerpt":{"rendered":"<p>Bienvenido al Club de Ofertas:Tu gu\u00eda para compras inteligentes. En Club de Ofertas no somos una tienda. Somos un equipo de curadores y consumidores expertos, apasionados por encontrar el m\u00e1ximo valor. Hacemos el trabajo duro de investigar para que t\u00fa puedas comprar con total confianza. Descubre M\u00e1s Nuestra Filosof\u00eda: Honestidad y Ahorro Creemos que la [&hellip;]<\/p>\n","protected":false},"author":1,"featured_media":81,"parent":0,"menu_order":0,"comment_status":"closed","ping_status":"closed","template":"elementor_header_footer","meta":{"footnotes":""},"class_list":["post-76","page","type-page","status-publish","has-post-thumbnail","hentry"],"_links":{"self":[{"href":"http:\/\/clubdeofertas.net\/es_es\/wp-json\/wp\/v2\/pages\/76","targetHints":{"allow":["GET"]}}],"collection":[{"href":"http:\/\/clubdeofertas.net\/es_es\/wp-json\/wp\/v2\/pages"}],"about":[{"href":"http:\/\/clubdeofertas.net\/es_es\/wp-json\/wp\/v2\/types\/page"}],"author":[{"embeddable":true,"href":"http:\/\/clubdeofertas.net\/es_es\/wp-json\/wp\/v2\/users\/1"}],"replies":[{"embeddable":true,"href":"http:\/\/clubdeofertas.net\/es_es\/wp-json\/wp\/v2\/comments?post=76"}],"version-history":[{"count":41,"href":"http:\/\/clubdeofertas.net\/es_es\/wp-json\/wp\/v2\/pages\/76\/revisions"}],"predecessor-version":[{"id":378,"href":"http:\/\/clubdeofertas.net\/es_es\/wp-json\/wp\/v2\/pages\/76\/revisions\/378"}],"wp:featuredmedia":[{"embeddable":true,"href":"http:\/\/clubdeofertas.net\/es_es\/wp-json\/wp\/v2\/media\/81"}],"wp:attachment":[{"href":"http:\/\/clubdeofertas.net\/es_es\/wp-json\/wp\/v2\/media?parent=76"}],"curies":[{"name":"wp","href":"https:\/\/api.w.org\/{rel}","templated":true}]}}